{"id":267,"date":"2020-04-29T14:19:02","date_gmt":"2020-04-29T12:19:02","guid":{"rendered":"http:\/\/fredfamily.fr\/blog\/clockout\/?page_id=267"},"modified":"2020-05-02T10:53:28","modified_gmt":"2020-05-02T08:53:28","slug":"bibi-tenor","status":"publish","type":"page","link":"http:\/\/fredfamily.fr\/blog\/clockout\/bibi-tenor\/","title":{"rendered":"bibi tenor"},"content":{"rendered":"<p>&nbsp;<\/p>\n<p style=\"text-align: center;\"><img decoding=\"async\" class=\" wp-image-113 aligncenter\" src=\"http:\/\/fredfamily.fr\/blog\/clockout\/wp-content\/uploads\/sites\/6\/2020\/04\/bibi1.gif\" alt=\"\" width=\"181\" height=\"177\" \/>Enregistr\u00e9 et Mix\u00e9 par Michel BOURZEIX<\/p>\n<p style=\"text-align: center;\">Studio du clos<\/p>\n<p style=\"text-align: center;\">Mixage Dubbing Brothers Adam WOLNY et Bibi TENOR<\/p>\n<p style=\"text-align: center;\">Mastering Jacques GUILLOT assist\u00e9 de Ludovic RIVA<\/p>\n<h6 style=\"text-align: center;\">Les titres<\/h6>\n<p style=\"text-align: center;\">Le R&amp;B Chinois\u00a0\u00a0\u00a0 \u00a0 \u00a0 \u00a0 \u00a0 \u00a0 \u00a0 \u00a0 \u00a0 \u00a0 \u00a0 \u00a0 \u00a0 \u00a0 \u00a0 \u00a0 \u00a0 \u00a0 \u00a0 \u00a0 \u00a0\u00a0 ( Bibi Tenor )<\/p>\n<p style=\"text-align: center;\">Je vous aime\u00a0 ( Bibi Tenor\/Michel Bourzeix\/Bibi Tenor )<\/p>\n<p style=\"text-align: center;\">Le train-train quotidien \u00a0 \u00a0 \u00a0 \u00a0 \u00a0 \u00a0 \u00a0 \u00a0 \u00a0 \u00a0 \u00a0 \u00a0 \u00a0 \u00a0 \u00a0 \u00a0 \u00a0 ( Bibi Tenor )<\/p>\n<p style=\"text-align: center;\">Bel intellectuel\u00a0 ( Bibi Tenor\/Martin Stender\/Bibi Tenor )<\/p>\n<p style=\"text-align: center;\">La mer m\u00e9diterran\u00e9e\u00a0\u00a0\u00a0\u00a0\u00a0\u00a0\u00a0\u00a0\u00a0\u00a0\u00a0\u00a0\u00a0\u00a0\u00a0\u00a0\u00a0\u00a0\u00a0\u00a0\u00a0\u00a0\u00a0\u00a0\u00a0\u00a0\u00a0\u00a0\u00a0\u00a0\u00a0\u00a0\u00a0\u00a0\u00a0\u00a0\u00a0 ( Bibi Tenor )<\/p>\n<p style=\"text-align: center;\">Un samedi soir ( Bibi Tenor\/Philippe Cross\/Bibi Tenor )<\/p>\n<p style=\"text-align: center;\">L&rsquo;espoir\u00a0\u00a0\u00a0\u00a0\u00a0\u00a0\u00a0\u00a0\u00a0\u00a0\u00a0 ( Bibi tenor\/Michel Bourzeix\/Bibi Tenor )<\/p>\n<p style=\"text-align: center;\">Elle \u00a0 \u00a0 \u00a0 \u00a0 \u00a0 \u00a0 \u00a0 \u00a0 \u00a0 \u00a0 \u00a0 \u00a0 \u00a0 \u00a0 \u00a0 \u00a0 \u00a0 \u00a0 \u00a0 \u00a0 \u00a0 \u00a0 \u00a0 \u00a0 \u00a0 \u00a0 \u00a0 \u00a0 \u00a0 \u00a0 \u00a0 \u00a0 \u00a0\u00a0 ( Bibi Tenor )<\/p>\n<p style=\"text-align: center;\">Gymnop\u00e9die\u00a0\u00a0\u00a0\u00a0\u00a0\u00a0\u00a0\u00a0\u00a0\u00a0\u00a0\u00a0\u00a0\u00a0\u00a0\u00a0\u00a0\u00a0\u00a0\u00a0\u00a0\u00a0\u00a0\u00a0\u00a0\u00a0\u00a0\u00a0\u00a0\u00a0\u00a0\u00a0\u00a0\u00a0\u00a0\u00a0\u00a0\u00a0\u00a0\u00a0\u00a0\u00a0\u00a0\u00a0\u00a0\u00a0\u00a0\u00a0\u00a0\u00a0\u00a0\u00a0 ( Bibi Tenor )<\/p>\n<p style=\"text-align: center;\">Bloody mary\u00a0\u00a0\u00a0\u00a0\u00a0\u00a0\u00a0 ( Bibi Tenor\/Pierre Dupuis\/bibi Tenor )<\/p>\n<p style=\"text-align: center;\">Le rap\u00a0\u00a0\u00a0\u00a0\u00a0\u00a0\u00a0\u00a0\u00a0\u00a0\u00a0\u00a0\u00a0\u00a0\u00a0\u00a0\u00a0\u00a0\u00a0\u00a0\u00a0\u00a0\u00a0\u00a0\u00a0\u00a0\u00a0\u00a0\u00a0\u00a0\u00a0\u00a0\u00a0\u00a0\u00a0\u00a0\u00a0\u00a0\u00a0\u00a0\u00a0\u00a0\u00a0\u00a0\u00a0\u00a0\u00a0\u00a0\u00a0\u00a0\u00a0\u00a0\u00a0\u00a0\u00a0\u00a0\u00a0\u00a0\u00a0\u00a0\u00a0\u00a0\u00a0\u00a0 ( Bibi Tenor )<\/p>\n<p style=\"text-align: center;\">Before and after science ( Bibi Tenor\/Brian Eno\/Moebius\/Roedelius)<\/p>\n<h6 style=\"text-align: center;\">Les musiciens<\/h6>\n<p style=\"text-align: center;\">Bibi TENOR chant,saxophone,basse,guitare, piano, programmations<\/p>\n<p style=\"text-align: center;\">Yann BELLET\u00a0\u00a0\u00a0\u00a0\u00a0 \u00a0 \u00a0\u00a0 guitares<\/p>\n<p style=\"text-align: center;\">Pierre Dupuis\u00a0\u00a0\u00a0\u00a0\u00a0\u00a0\u00a0\u00a0\u00a0\u00a0 guitares<\/p>\n<p style=\"text-align: center;\">Francois OVIDE\u00a0\u00a0 \u00a0 \u00a0 \u00a0 guitare<\/p>\n<p style=\"text-align: center;\">Philippe MOUTON\u00a0\u00a0\u00a0\u00a0\u00a0 basse<\/p>\n<p style=\"text-align: center;\">Christian DUPERRAY basse<\/p>\n<p style=\"text-align: center;\">Michel BOURZEIX\u00a0\u00a0\u00a0\u00a0\u00a0\u00a0\u00a0\u00a0\u00a0 batterie,percussions,programmations<\/p>\n<p style=\"text-align: center;\">Jean Jacques BARBETTE\u00a0 steeldrums<\/p>\n<p style=\"text-align: center;\">Philippe CROSS\u00a0\u00a0\u00a0 piano, orgue, synt\u00e9<\/p>\n<p style=\"text-align: center;\">Philippe MARAIS piano, orgue, synt\u00e9<\/p>\n<p style=\"text-align: center;\">Edouardo GARCIA\u00a0\u00a0\u00a0\u00a0\u00a0\u00a0\u00a0\u00a0\u00a0\u00a0 bandon\u00e9on<\/p>\n<p style=\"text-align: center;\">Vincent BUCHER\u00a0\u00a0\u00a0\u00a0\u00a0\u00a0\u00a0\u00a0\u00a0\u00a0\u00a0\u00a0\u00a0 harmonica<\/p>\n<p style=\"text-align: center;\">H\u00e9l\u00e8ne COURMONT\u00a0\u00a0\u00a0\u00a0\u00a0\u00a0\u00a0\u00a0\u00a0\u00a0\u00a0\u00a0\u00a0\u00a0\u00a0\u00a0\u00a0\u00a0\u00a0 flute<\/p>\n<p style=\"text-align: center;\">Pascal EPRON\u00a0\u00a0\u00a0\u00a0\u00a0\u00a0\u00a0\u00a0\u00a0\u00a0\u00a0\u00a0\u00a0\u00a0\u00a0\u00a0\u00a0 trompette<\/p>\n<p style=\"text-align: center;\">Olivier ANGUILLAUME\u00a0\u00a0\u00a0\u00a0 trombone<\/p>\n<p style=\"text-align: center;\">Christian BILLE\u00a0\u00a0\u00a0\u00a0\u00a0\u00a0\u00a0\u00a0\u00a0\u00a0\u00a0\u00a0\u00a0\u00a0 saxophone<\/p>\n<p style=\"text-align: center;\">Carol RIHOUET,Fr\u00e9d\u00e9rique MATHIEU,Fernand PENA, Philippe AZRIA, Philippe ZIGGER, Gwenael ARZEL,<\/p>\n<p style=\"text-align: center;\">CHOEURS<\/p>\n<p style=\"text-align: center;\">Conception graphique pochette : JEFF et PHIL<\/p>\n<p style=\"text-align: center;\">Conception dossier :Francoise TANNIERES<\/p>\n<p style=\"text-align: center;\">Photographie : Georges MEGUERDITCHIAN<\/p>\n<p style=\"text-align: center;\">Maquillage et coiffure : Michel QUENTEL<\/p>\n<h6 style=\"text-align: center;\"><em><strong>Les autres Albums<\/strong><\/em><\/h6>\n<p><img decoding=\"async\" class=\"alignright wp-image-297\" src=\"http:\/\/fredfamily.fr\/blog\/clockout\/wp-content\/uploads\/sites\/6\/2020\/05\/bibi.gif\" alt=\"\" width=\"136\" height=\"135\" \/> <img decoding=\"async\" class=\"alignright wp-image-298\" src=\"http:\/\/fredfamily.fr\/blog\/clockout\/wp-content\/uploads\/sites\/6\/2020\/05\/bibi2.gif\" alt=\"\" width=\"136\" height=\"135\" \/> <img loading=\"lazy\" decoding=\"async\" class=\"alignright wp-image-299\" src=\"http:\/\/fredfamily.fr\/blog\/clockout\/wp-content\/uploads\/sites\/6\/2020\/05\/bibi3.gif\" alt=\"\" width=\"136\" height=\"134\" \/> <img loading=\"lazy\" decoding=\"async\" class=\"alignright wp-image-300\" src=\"http:\/\/fredfamily.fr\/blog\/clockout\/wp-content\/uploads\/sites\/6\/2020\/05\/bibimod-300x288.jpg\" alt=\"\" width=\"136\" height=\"130\" srcset=\"http:\/\/fredfamily.fr\/blog\/clockout\/wp-content\/uploads\/sites\/6\/2020\/05\/bibimod-300x288.jpg 300w, http:\/\/fredfamily.fr\/blog\/clockout\/wp-content\/uploads\/sites\/6\/2020\/05\/bibimod.jpg 360w\" sizes=\"(max-width: 136px) 100vw, 136px\" \/><\/p>\n","protected":false},"excerpt":{"rendered":"<p>&nbsp; Enregistr\u00e9 et Mix\u00e9 par Michel BOURZEIX Studio du clos Mixage Dubbing Brothers Adam WOLNY et Bibi TENOR Mastering Jacques GUILLOT assist\u00e9 de Ludovic RIVA Les titres Le R&amp;B Chinois\u00a0\u00a0\u00a0 \u00a0 \u00a0 \u00a0 \u00a0 \u00a0 \u00a0 \u00a0 \u00a0 \u00a0 \u00a0 \u00a0 \u00a0 \u00a0 \u00a0 \u00a0 \u00a0 \u00a0 \u00a0 \u00a0 \u00a0\u00a0 ( Bibi Tenor ) Je &hellip; <\/p>\n<p class=\"link-more\"><a href=\"http:\/\/fredfamily.fr\/blog\/clockout\/bibi-tenor\/\" class=\"more-link\">Continue reading<span class=\"screen-reader-text\"> \u00ab\u00a0bibi tenor\u00a0\u00bb<\/span><\/a><\/p>\n","protected":false},"author":1,"featured_media":0,"parent":0,"menu_order":0,"comment_status":"closed","ping_status":"closed","template":"","meta":{"footnotes":""},"class_list":["post-267","page","type-page","status-publish","hentry"],"_links":{"self":[{"href":"http:\/\/fredfamily.fr\/blog\/clockout\/wp-json\/wp\/v2\/pages\/267","targetHints":{"allow":["GET"]}}],"collection":[{"href":"http:\/\/fredfamily.fr\/blog\/clockout\/wp-json\/wp\/v2\/pages"}],"about":[{"href":"http:\/\/fredfamily.fr\/blog\/clockout\/wp-json\/wp\/v2\/types\/page"}],"author":[{"embeddable":true,"href":"http:\/\/fredfamily.fr\/blog\/clockout\/wp-json\/wp\/v2\/users\/1"}],"replies":[{"embeddable":true,"href":"http:\/\/fredfamily.fr\/blog\/clockout\/wp-json\/wp\/v2\/comments?post=267"}],"version-history":[{"count":8,"href":"http:\/\/fredfamily.fr\/blog\/clockout\/wp-json\/wp\/v2\/pages\/267\/revisions"}],"predecessor-version":[{"id":302,"href":"http:\/\/fredfamily.fr\/blog\/clockout\/wp-json\/wp\/v2\/pages\/267\/revisions\/302"}],"wp:attachment":[{"href":"http:\/\/fredfamily.fr\/blog\/clockout\/wp-json\/wp\/v2\/media?parent=267"}],"curies":[{"name":"wp","href":"https:\/\/api.w.org\/{rel}","templated":true}]}}