{"id":25,"date":"2020-03-12T18:22:15","date_gmt":"2020-03-12T17:22:15","guid":{"rendered":"http:\/\/fredfamily.fr\/blog\/foolshack\/?page_id=25"},"modified":"2025-06-20T10:17:32","modified_gmt":"2025-06-20T08:17:32","slug":"the-band","status":"publish","type":"page","link":"https:\/\/fredfamily.fr\/blog\/foolshack\/the-band\/","title":{"rendered":"The Band"},"content":{"rendered":"<p><img fetchpriority=\"high\" decoding=\"async\" class=\"alignright size-medium wp-image-270\" src=\"http:\/\/fredfamily.fr\/blog\/foolshack\/wp-content\/uploads\/sites\/5\/2025\/05\/WhatsApp-Image-2025-05-18-a-12.34.10_939b8a1c-300x300.jpg\" alt=\"\" width=\"300\" height=\"300\" srcset=\"https:\/\/fredfamily.fr\/blog\/foolshack\/wp-content\/uploads\/sites\/5\/2025\/05\/WhatsApp-Image-2025-05-18-a-12.34.10_939b8a1c-300x300.jpg 300w, https:\/\/fredfamily.fr\/blog\/foolshack\/wp-content\/uploads\/sites\/5\/2025\/05\/WhatsApp-Image-2025-05-18-a-12.34.10_939b8a1c-1024x1024.jpg 1024w, https:\/\/fredfamily.fr\/blog\/foolshack\/wp-content\/uploads\/sites\/5\/2025\/05\/WhatsApp-Image-2025-05-18-a-12.34.10_939b8a1c-150x150.jpg 150w, https:\/\/fredfamily.fr\/blog\/foolshack\/wp-content\/uploads\/sites\/5\/2025\/05\/WhatsApp-Image-2025-05-18-a-12.34.10_939b8a1c-768x768.jpg 768w, https:\/\/fredfamily.fr\/blog\/foolshack\/wp-content\/uploads\/sites\/5\/2025\/05\/WhatsApp-Image-2025-05-18-a-12.34.10_939b8a1c-640x640.jpg 640w, https:\/\/fredfamily.fr\/blog\/foolshack\/wp-content\/uploads\/sites\/5\/2025\/05\/WhatsApp-Image-2025-05-18-a-12.34.10_939b8a1c.jpg 1080w\" sizes=\"(max-width: 300px) 100vw, 300px\" \/><\/p>\n<p><em><strong>Les membres actuels de FOOL SHACK ont\u00a0 ensemble et s\u00e9par\u00e9ment de nombreuses ann\u00e9e d&rsquo;exp\u00e9riences musicales tr\u00e8s divers en live et en studio &#8230;<\/strong><\/em><\/p>\n<p><em><strong>Ce projet les \u00e0 r\u00e9unis en 2018 a l&rsquo;initiative de Pierre DUPUIS guitariste\/chanteur &#8230;<\/strong><\/em><\/p>\n<p><em><strong>Le groupe est originaire de la r\u00e9gion parisienne, ils ont choisi de chanter en Anglais pour se rapprocher des racines de cette musique.<\/strong><\/em><\/p>\n<p><strong><a href=\"http:\/\/fredfamily.fr\/blog\/foolshack\/cover\/\">FOOL SHACK c&rsquo;est aussi des quelques \u00ab\u00a0cover\u00a0\u00bb <img decoding=\"async\" class=\"alignleft size-full wp-image-144\" src=\"http:\/\/fredfamily.fr\/blog\/foolshack\/wp-content\/uploads\/sites\/5\/2020\/03\/music_acc_003.jpg\" alt=\"\" width=\"55\" height=\"55\" \/><\/a><br \/>\n<\/strong><\/p>\n<h6><\/h6>\n<h6><\/h6>\n<h6>\u00a0\u00a0<span style=\"color: #ffff00;\">\u00a0\u00a0 <\/span><span style=\"color: #cc99ff;\"><a style=\"color: #cc99ff;\" href=\"http:\/\/fredfamily.fr\/blog\/foolshack\/textes\/\"><span style=\"color: #ffff00;\">Sur ce lien vous trouverez les textes<\/span><\/a><\/span><\/h6>\n<p>&nbsp;<\/p>\n<h6>Pierre DUPUIS<\/h6>\n<h6 style=\"text-align: left;\"><img decoding=\"async\" class=\"alignleft size-medium wp-image-105\" src=\"http:\/\/fredfamily.fr\/blog\/foolshack\/wp-content\/uploads\/sites\/5\/2020\/03\/NoveltyLiveFestival_pierre-300x200.jpg\" alt=\"\" width=\"300\" height=\"200\" srcset=\"https:\/\/fredfamily.fr\/blog\/foolshack\/wp-content\/uploads\/sites\/5\/2020\/03\/NoveltyLiveFestival_pierre-300x200.jpg 300w, https:\/\/fredfamily.fr\/blog\/foolshack\/wp-content\/uploads\/sites\/5\/2020\/03\/NoveltyLiveFestival_pierre.jpg 425w\" sizes=\"(max-width: 300px) 100vw, 300px\" \/> \u00a0 Guitares \/ Lead vocal<\/h6>\n<p><a href=\"https:\/\/www.facebook.com\/FOOL-SHACK-155726071864543\/\"><img loading=\"lazy\" decoding=\"async\" class=\"alignleft wp-image-93\" src=\"http:\/\/fredfamily.fr\/blog\/foolshack\/wp-content\/uploads\/sites\/5\/2020\/03\/logo-facebook.jpg\" alt=\"\" width=\"44\" height=\"44\" srcset=\"https:\/\/fredfamily.fr\/blog\/foolshack\/wp-content\/uploads\/sites\/5\/2020\/03\/logo-facebook.jpg 225w, https:\/\/fredfamily.fr\/blog\/foolshack\/wp-content\/uploads\/sites\/5\/2020\/03\/logo-facebook-150x150.jpg 150w\" sizes=\"(max-width: 44px) 100vw, 44px\" \/><\/a><\/p>\n<p>&nbsp;<\/p>\n<p>&nbsp;<\/p>\n<p>&nbsp;<\/p>\n<p>&nbsp;<\/p>\n<h6>Michel BOURZEIX<\/h6>\n<h6><img loading=\"lazy\" decoding=\"async\" class=\"alignleft size-medium wp-image-111\" src=\"http:\/\/fredfamily.fr\/blog\/foolshack\/wp-content\/uploads\/sites\/5\/2020\/03\/NoveltyLiveFestival_michel-1-300x187.jpg\" alt=\"\" width=\"300\" height=\"187\" srcset=\"https:\/\/fredfamily.fr\/blog\/foolshack\/wp-content\/uploads\/sites\/5\/2020\/03\/NoveltyLiveFestival_michel-1-300x187.jpg 300w, https:\/\/fredfamily.fr\/blog\/foolshack\/wp-content\/uploads\/sites\/5\/2020\/03\/NoveltyLiveFestival_michel-1.jpg 358w\" sizes=\"(max-width: 300px) 100vw, 300px\" \/>DRUMS \/ VOCAL<\/h6>\n<p><a href=\"https:\/\/www.facebook.com\/michel.bourzeix\"><img loading=\"lazy\" decoding=\"async\" class=\"alignleft wp-image-93\" src=\"http:\/\/fredfamily.fr\/blog\/foolshack\/wp-content\/uploads\/sites\/5\/2020\/03\/logo-facebook.jpg\" alt=\"\" width=\"44\" height=\"44\" srcset=\"https:\/\/fredfamily.fr\/blog\/foolshack\/wp-content\/uploads\/sites\/5\/2020\/03\/logo-facebook.jpg 225w, https:\/\/fredfamily.fr\/blog\/foolshack\/wp-content\/uploads\/sites\/5\/2020\/03\/logo-facebook-150x150.jpg 150w\" sizes=\"(max-width: 44px) 100vw, 44px\" \/><\/a><\/p>\n<p><a href=\"http:\/\/fredfamily.fr\/blog\/michel\/biographie\/\"><em><strong>Site Michel<\/strong><\/em><\/a><\/p>\n<h6><\/h6>\n<p>&nbsp;<\/p>\n<p>&nbsp;<\/p>\n<p>&nbsp;<\/p>\n<h6>MICHEL DALADOUIRE<\/h6>\n<h6><img loading=\"lazy\" decoding=\"async\" class=\"alignleft size-medium wp-image-125\" src=\"http:\/\/fredfamily.fr\/blog\/foolshack\/wp-content\/uploads\/sites\/5\/2020\/03\/CHOUM-QG-1-300x197.jpg\" alt=\"\" width=\"300\" height=\"197\" srcset=\"https:\/\/fredfamily.fr\/blog\/foolshack\/wp-content\/uploads\/sites\/5\/2020\/03\/CHOUM-QG-1-300x197.jpg 300w, https:\/\/fredfamily.fr\/blog\/foolshack\/wp-content\/uploads\/sites\/5\/2020\/03\/CHOUM-QG-1.jpg 709w\" sizes=\"(max-width: 300px) 100vw, 300px\" \/>KEYBOARDS<\/h6>\n<p><a href=\"https:\/\/www.facebook.com\/michel.daladouire?fref=profile_friend_list&amp;hc_location=friends_tab\"><img loading=\"lazy\" decoding=\"async\" class=\"alignleft wp-image-93\" src=\"http:\/\/fredfamily.fr\/blog\/foolshack\/wp-content\/uploads\/sites\/5\/2020\/03\/logo-facebook.jpg\" alt=\"\" width=\"44\" height=\"44\" srcset=\"https:\/\/fredfamily.fr\/blog\/foolshack\/wp-content\/uploads\/sites\/5\/2020\/03\/logo-facebook.jpg 225w, https:\/\/fredfamily.fr\/blog\/foolshack\/wp-content\/uploads\/sites\/5\/2020\/03\/logo-facebook-150x150.jpg 150w\" sizes=\"(max-width: 44px) 100vw, 44px\" \/><\/a><\/p>\n<p>&nbsp;<\/p>\n<p>&nbsp;<\/p>\n<p>&nbsp;<\/p>\n<p>&nbsp;<\/p>\n<p>&nbsp;<\/p>\n<h6>ARNaud ROZENBLAT<\/h6>\n<h6><img loading=\"lazy\" decoding=\"async\" class=\"size-full wp-image-235 alignleft\" src=\"http:\/\/fredfamily.fr\/blog\/foolshack\/wp-content\/uploads\/sites\/5\/2022\/11\/IMG_3413-2.jpg\" alt=\"\" width=\"283\" height=\"189\" \/>GUITARE BASSE<\/h6>\n<p><a href=\"https:\/\/www.facebook.com\/arnaud.rozenblat\"> <img loading=\"lazy\" decoding=\"async\" class=\"alignnone wp-image-93\" src=\"http:\/\/fredfamily.fr\/blog\/foolshack\/wp-content\/uploads\/sites\/5\/2020\/03\/logo-facebook.jpg\" alt=\"\" width=\"44\" height=\"44\" srcset=\"https:\/\/fredfamily.fr\/blog\/foolshack\/wp-content\/uploads\/sites\/5\/2020\/03\/logo-facebook.jpg 225w, https:\/\/fredfamily.fr\/blog\/foolshack\/wp-content\/uploads\/sites\/5\/2020\/03\/logo-facebook-150x150.jpg 150w\" sizes=\"(max-width: 44px) 100vw, 44px\" \/><\/a><\/p>\n","protected":false},"excerpt":{"rendered":"<p>Les membres actuels de FOOL SHACK ont\u00a0 ensemble et s\u00e9par\u00e9ment de nombreuses ann\u00e9e d&rsquo;exp\u00e9riences musicales tr\u00e8s divers en live et en studio &#8230; Ce projet les \u00e0 r\u00e9unis en 2018 a l&rsquo;initiative de Pierre DUPUIS guitariste\/chanteur &#8230; Le groupe est originaire de la r\u00e9gion parisienne, ils ont choisi de chanter en Anglais pour se rapprocher &hellip; <\/p>\n<p class=\"link-more\"><a href=\"https:\/\/fredfamily.fr\/blog\/foolshack\/the-band\/\" class=\"more-link\">Continue reading<span class=\"screen-reader-text\"> \u00ab\u00a0The Band\u00a0\u00bb<\/span><\/a><\/p>\n","protected":false},"author":1,"featured_media":0,"parent":0,"menu_order":0,"comment_status":"closed","ping_status":"closed","template":"","meta":{"footnotes":""},"class_list":["post-25","page","type-page","status-publish","hentry"],"_links":{"self":[{"href":"https:\/\/fredfamily.fr\/blog\/foolshack\/wp-json\/wp\/v2\/pages\/25","targetHints":{"allow":["GET"]}}],"collection":[{"href":"https:\/\/fredfamily.fr\/blog\/foolshack\/wp-json\/wp\/v2\/pages"}],"about":[{"href":"https:\/\/fredfamily.fr\/blog\/foolshack\/wp-json\/wp\/v2\/types\/page"}],"author":[{"embeddable":true,"href":"https:\/\/fredfamily.fr\/blog\/foolshack\/wp-json\/wp\/v2\/users\/1"}],"replies":[{"embeddable":true,"href":"https:\/\/fredfamily.fr\/blog\/foolshack\/wp-json\/wp\/v2\/comments?post=25"}],"version-history":[{"count":61,"href":"https:\/\/fredfamily.fr\/blog\/foolshack\/wp-json\/wp\/v2\/pages\/25\/revisions"}],"predecessor-version":[{"id":291,"href":"https:\/\/fredfamily.fr\/blog\/foolshack\/wp-json\/wp\/v2\/pages\/25\/revisions\/291"}],"wp:attachment":[{"href":"https:\/\/fredfamily.fr\/blog\/foolshack\/wp-json\/wp\/v2\/media?parent=25"}],"curies":[{"name":"wp","href":"https:\/\/api.w.org\/{rel}","templated":true}]}}