{"id":6,"date":"2020-03-13T19:07:43","date_gmt":"2020-03-13T18:07:43","guid":{"rendered":"http:\/\/fredfamily.fr\/blog\/michel\/?page_id=6"},"modified":"2020-05-05T13:38:37","modified_gmt":"2020-05-05T11:38:37","slug":"biographie","status":"publish","type":"page","link":"https:\/\/fredfamily.fr\/blog\/michel\/biographie\/","title":{"rendered":"Biographie"},"content":{"rendered":"<p style=\"text-align: center;\"><img fetchpriority=\"high\" decoding=\"async\" class=\"size-full wp-image-45\" src=\"http:\/\/fredfamily.fr\/blog\/michel\/wp-content\/uploads\/sites\/3\/2020\/03\/micdrum1.jpg\" alt=\"\" width=\"283\" height=\"213\" \/><\/p>\n<p><span style=\"color: #fccf03;\">\u00a0\u00a0<strong><span class=\"Sys30\"> Apprenti photographe \u00e0 la fin de mes \u00e9tudes , la musique a tout de suite \u00e9t\u00e9 pr\u00e9sente dans ma vie aussi bien comme musicien que preneur de son. La pratique du football tout au long de ces ann\u00e9es reste la soupape indispensable.<\/span><\/strong><\/span><\/p>\n<p><span style=\"color: #fccf03;\"><strong><span class=\"Sys30\"><br \/>\nL\u2019\u00e9tude de la batterie avec <a style=\"color: #fccf03;\" href=\"http:\/\/www.passionprogressive.fr\/html\/image-transitexpress.htm\" target=\"_blank\" rel=\"noopener noreferrer\"><span style=\"color: #cc99ff;\">D.BOUVIER<\/span><\/a> am\u00e8ne les premiers \u00a0groupes \u00a0de quartier et l\u2019int\u00e9r\u00eat pour le son , les formations se succ\u00e9deront jusqu&rsquo;au retour de Rouen, ou je passe plusieurs ann\u00e9es, et la rencontre au d\u00e9but des ann\u00e9es 70 \u00a0avec le groupe<a style=\"color: #fccf03;\" href=\"http:\/\/www.facebook.com\/lebalduratmort\/info\" target=\"_blank\" rel=\"noopener noreferrer\"> <span style=\"color: #cc99ff;\">KOMINTERN<\/span><\/a><span style=\"color: #cc99ff;\">(<\/span> Disque Pathe ), tout d\u2019abord comme sonorisateur puis comme batteur c\u2019est aussi \u00e0 cette \u00e9poque que je sonoriserai le groupe <span style=\"color: #cc99ff;\"><a style=\"color: #cc99ff;\" href=\"https:\/\/www.magmamusic.org\/fr\/accueil\/\" target=\"_blank\" rel=\"noopener noreferrer\">MAGMA<\/a><\/span> . Je garde un tr\u00e8s bon souvenir de cette p\u00e9riode ou j\u2019ai c\u00f4toy\u00e9 de nombreux groupes ,Violon d&rsquo;Ingres, <a style=\"color: #fccf03;\" href=\"http:\/\/neospheres.free.fr\/rockfr\/lardfree.htm\" target=\"_blank\" rel=\"noopener noreferrer\"><span style=\"color: #cc99ff;\">Lard<\/span> <span style=\"color: #cc99ff;\">Free<\/span><\/a><span style=\"color: #cc99ff;\">,<\/span> Herbe Rouge <span style=\"color: #cc99ff;\">,<a style=\"color: #cc99ff;\" href=\"http:\/\/fr.wikipedia.org\/wiki\/Les_Variations\" target=\"_blank\" rel=\"noopener noreferrer\">Variation<\/a>,<\/span> <a style=\"color: #fccf03;\" href=\"http:\/\/fr.wikipedia.org\/wiki\/Gong_(groupe)\">Gong<\/a>, <a style=\"color: #fccf03;\" href=\"http:\/\/home.nordnet.fr\/~gbally\/60_s\/pages\/castelain.html\" target=\"_blank\" rel=\"noopener noreferrer\"><span style=\"color: #cc99ff;\">JP<\/span> <span style=\"color: #cc99ff;\">Castelain<\/span><\/a> \u2026 Ce sera aussi les premiers contacts avec les studios d\u2019enregistrements ( Aquarium, <span style=\"color: #cc99ff;\"><a style=\"color: #cc99ff;\" href=\"https:\/\/fr.wikipedia.org\/wiki\/Studios_Ferber\" target=\"_blank\" rel=\"noopener noreferrer\">Ferber<\/a><\/span> ).<\/span><\/strong><\/span><\/p>\n<p><span style=\"color: #fccf03;\"><strong><span class=\"Sys30\"><br \/>\nAu d\u00e9but des ann\u00e9es 80, n\u00e9 le projet du <a style=\"color: #fccf03;\" href=\"http:\/\/fredfamily.fr\/blog\/michel\/studio-flexanville\/\" target=\"_blank\" rel=\"noopener noreferrer\"><span style=\"color: #cc99ff;\">studio de<\/span> <span style=\"color: #cc99ff;\">Flexanville<\/span><\/a> , avec Bertrand et Fr\u00e9d\u00e9ric \u00a0DARIN, <a href=\"https:\/\/www.discogs.com\/fr\/artist\/350114-Vincent-Chambraud\" target=\"_blank\" rel=\"noopener noreferrer\"><span style=\"color: #cc99ff;\">Vincent CHAMBRAUD<\/span><\/a> et moi-m\u00eame . Studio d\u2019enregistrement 24 pistes avec h\u00e9bergement sur place dans l\u2019esprit du c\u00e9l\u00e8bre studio d\u2019H\u00e9rouville \u00a0(M.Magne). Ce sera l\u2019occasion de rencontrer les plus grands producteurs et ing\u00e9nieurs du son de l\u2019\u00e9poque ( <span style=\"color: #cc99ff;\"><a style=\"color: #cc99ff;\" href=\"http:\/\/pressibus.org\/chanson\/zacha_michel\/index.html\" target=\"_blank\" rel=\"noopener noreferrer\">M.Zacha<\/a><\/span>,\u00a0 <span style=\"color: #cc99ff;\"><a style=\"color: #cc99ff;\" href=\"https:\/\/labomaticstudios.com\/\" target=\"_blank\" rel=\"noopener noreferrer\">D.Blanc-Francard<\/a>,<\/span> T.Vincent, P. Zelnick, <span style=\"color: #cc99ff;\"><a style=\"color: #cc99ff;\" href=\"http:\/\/fr.wikipedia.org\/wiki\/Steve_Hillage\" target=\"_blank\" rel=\"noopener noreferrer\">S.Hillage<\/a>,<\/span> <em>P.Constantin<\/em> \u2026 ) et aussi les plus grands musiciens (B.Paganotti, M.Finn, B.Leroux, Y.Top, C.Benarroch\u2026). Je participerai \u00e0 cette \u00e9poque, \u00e0 de nombreuses s\u00e9ances comme musicien ou preneur (<a style=\"color: #fccf03;\" href=\"http:\/\/bruno.cornen.pagesperso-orange.fr\/malicorne_balancoire en feu.htm\" target=\"_blank\" rel=\"noopener noreferrer\"> <span style=\"color: #cc99ff;\">MALICORNE<\/span><\/a><span style=\"color: #cc99ff;\">,<\/span><a style=\"color: #fccf03;\" href=\"https:\/\/www.discogs.com\/fr\/artist\/1398158-Jean-Claude-Bonneau\" target=\"_blank\" rel=\"noopener noreferrer\"> <span style=\"color: #cc99ff;\">BONO<\/span><\/a><span style=\"color: #cc99ff;\">,<\/span> JOE de BELLE ILES, <span style=\"color: #cc99ff;\"><a style=\"color: #cc99ff;\" href=\"http:\/\/www.encyclopedisque.fr\/artiste\/1272.html\" target=\"_blank\" rel=\"noopener noreferrer\">DALECKY<\/a>\u2026)<\/span> Le Studio de flexanville travaillera \u00e0 cette \u00e9poque avec les majors compagnies ( CBS, RCA, Virgin) et enregistrera de nombreux artistes (D.River, Kent, <span style=\"color: #cc99ff;\"><a style=\"color: #cc99ff;\" href=\"http:\/\/www.musikafrance.com\/index.php\/Elisabeth-Wiener\/Elisabeth-Wiener-cd1.html\" target=\"_blank\" rel=\"noopener noreferrer\">E.wiener<\/a>, <a style=\"color: #cc99ff;\" href=\"http:\/\/fr.wikipedia.org\/wiki\/Daniel_Darc\" target=\"_blank\" rel=\"noopener noreferrer\">D.Darc<\/a>,<\/span> Choron&#8230;) En parall\u00e8le l\u2019\u00e9tude approfondie de l\u2019harmonie du vibraphone, xylophone, piano, saxophone, m\u2019am\u00e8ne naturellement \u00e0 l\u2019arrangement et la production .<\/span><\/strong><\/span><\/p>\n<p><span style=\"color: #fccf03;\"><strong><span class=\"Sys30\"><br \/>\nFin 1980 \u00e0 l\u2019arr\u00eat du studio et le retour sur la r\u00e9gion parisienne, j\u2019installe du mat\u00e9riel chez moi et commence \u00e0 arranger, produire et enregistrer ( Clair D\u00e9clic, Bono, Rebel, <span style=\"color: #cc99ff;\">Racine\u2026),<\/span> je joue avec <a style=\"color: #fccf03;\" href=\"http:\/\/comet.free.fr\/\" target=\"_blank\" rel=\"noopener noreferrer\"><span style=\"color: #cc99ff;\">Christian BOULE<\/span><\/a> , <span style=\"color: #cc99ff;\"><a style=\"color: #cc99ff;\" href=\"http:\/\/www.bricekapel.com\/\" target=\"_blank\" rel=\"noopener noreferrer\">B.KAPEL<\/a><\/span> et le <span style=\"color: #cc99ff;\">groupe <\/span><a style=\"color: #fccf03;\" href=\"http:\/\/youtu.be\/ark9Y5zp8tM\" target=\"_blank\" rel=\"noopener noreferrer\"><span style=\"color: #cc99ff;\">KALIFA<\/span><\/a>. Au d\u00e9but des ann\u00e9es 90, je monte le groupe <span style=\"color: #cc99ff;\"><a style=\"color: #cc99ff;\" href=\"http:\/\/fredfamily.fr\/blog\/clockout\/soul-food\/\" target=\"_blank\" rel=\"noopener noreferrer\">SOULFOOD<\/a><\/span> , sonorise et enregistre de nombreux groupes ( <a style=\"color: #fccf03;\" href=\"http:\/\/www.lesfilsdeteuhpu.com\/teuhpu\/\" target=\"_blank\" rel=\"noopener noreferrer\"><span style=\"color: #cc99ff;\">Fils de<\/span> <span style=\"color: #cc99ff;\">Theupu<\/span><\/a><span style=\"color: #cc99ff;\">,<\/span> <span style=\"color: #cc99ff;\"><a style=\"color: #cc99ff;\" href=\"http:\/\/fredfamily.fr\/blog\/clockout\/bibi-tenor\/\" target=\"_blank\" rel=\"noopener noreferrer\">Bibi Tenor&#8230;<\/a><\/span>). <\/span><\/strong><\/span><\/p>\n<p><span style=\"color: #fccf03;\"><strong><span class=\"Sys30\"><br \/>\nFin des ann\u00e9es 1990, je monte l\u2019association <a href=\"http:\/\/clockout.net\/\"><span style=\"color: #cc99ff;\">CLOCKOUT<\/span><\/a>, studio de r\u00e9p\u00e9titions et d\u2019enregistrements \u00e0 VITRY (<span style=\"color: #cc99ff;\"><a style=\"color: #cc99ff;\" href=\"https:\/\/www.lesfilsdeteuhpu.com\/teuhpu\/\" target=\"_blank\" rel=\"noopener noreferrer\"> Fils de Theupu<\/a><\/span>, <a style=\"color: #fccf03;\" href=\"https:\/\/www.w-fenec.org\/rock\/big-mama.html\" target=\"_blank\" rel=\"noopener noreferrer\"><span style=\"color: #cc99ff;\">Big Mama<\/span><\/a>, <a href=\"https:\/\/www.discogs.com\/fr\/artist\/5151140-Blues-Affair\" target=\"_blank\" rel=\"noopener noreferrer\"><span style=\"color: #cc99ff;\">Blues Affaire<\/span><\/a>, <span style=\"color: #cc99ff;\"><a style=\"color: #cc99ff;\" href=\"http:\/\/fredfamily.fr\/blog\/album1\/\" target=\"_blank\" rel=\"noopener noreferrer\">Fred Family<\/a><\/span>, Et Ta S\u0153ur\u2026) D\u00e9but 2000, je commence a travailler comme R\u00e9gisseur Son au <span style=\"color: #cc99ff;\"><a style=\"color: #cc99ff;\" href=\"http:\/\/www.centrepompidou.fr\/\" target=\"_blank\" rel=\"noopener noreferrer\">Centre G. POMPIDOU<\/a><\/span>, je sonorise, en parall\u00e8le, le <span style=\"color: #cc99ff;\">spectacle <a style=\"color: #cc99ff;\" href=\"http:\/\/ombredelarue.free.fr\/\" target=\"_blank\" rel=\"noopener noreferrer\">PIAF \u2018\u2019L\u2019ombre de la rue\u2019<\/a>\u2019<\/span>. En 2014 <\/span><span class=\"Sys30\">je joue avec le groupe <span style=\"color: #cc99ff;\"><a style=\"color: #cc99ff;\" href=\"http:\/\/fredfamily.fr\/blog\/michel\/bpm\/\" target=\"_blank\" rel=\"noopener noreferrer\">BPM<\/a><\/span><br \/>\nAujourd\u2019hui , j\u2019ai ramen\u00e9 <a href=\"http:\/\/fredfamily.fr\/blog\/clockout\/studio-2\/\" target=\"_blank\" rel=\"noopener noreferrer\"><span style=\"color: #cc99ff;\">le studio<\/span><\/a> chez moi et apr\u00e8s avoir travaill\u00e9 pendant 20 ans pour le minist\u00e8re de la culture , je joue avec le groupe <a style=\"color: #fccf03;\" href=\"http:\/\/foolshack.com\" target=\"_blank\" rel=\"noopener noreferrer\"><span style=\"color: #cc99ff;\">FOOL SHACK<\/span><\/a>.<\/span><\/strong><\/span><\/p>\n<p><span style=\"color: #000000;\"><img decoding=\"async\" class=\"size-medium wp-image-49 aligncenter\" src=\"http:\/\/fredfamily.fr\/blog\/michel\/wp-content\/uploads\/sites\/3\/2020\/03\/mic010-216x300.jpg\" alt=\"\" width=\"216\" height=\"300\" srcset=\"https:\/\/fredfamily.fr\/blog\/michel\/wp-content\/uploads\/sites\/3\/2020\/03\/mic010-216x300.jpg 216w, https:\/\/fredfamily.fr\/blog\/michel\/wp-content\/uploads\/sites\/3\/2020\/03\/mic010.jpg 234w\" sizes=\"(max-width: 216px) 100vw, 216px\" \/><\/span><\/p>\n","protected":false},"excerpt":{"rendered":"<p>\u00a0\u00a0 Apprenti photographe \u00e0 la fin de mes \u00e9tudes , la musique a tout de suite \u00e9t\u00e9 pr\u00e9sente dans ma vie aussi bien comme musicien que preneur de son. La pratique du football tout au long de ces ann\u00e9es reste la soupape indispensable. L\u2019\u00e9tude de la batterie avec D.BOUVIER am\u00e8ne les premiers \u00a0groupes \u00a0de quartier &hellip; <\/p>\n<p class=\"link-more\"><a href=\"https:\/\/fredfamily.fr\/blog\/michel\/biographie\/\" class=\"more-link\">Continue reading<span class=\"screen-reader-text\"> \u00ab\u00a0Biographie\u00a0\u00bb<\/span><\/a><\/p>\n","protected":false},"author":1,"featured_media":0,"parent":0,"menu_order":0,"comment_status":"closed","ping_status":"closed","template":"","meta":{"footnotes":""},"class_list":["post-6","page","type-page","status-publish","hentry"],"_links":{"self":[{"href":"https:\/\/fredfamily.fr\/blog\/michel\/wp-json\/wp\/v2\/pages\/6","targetHints":{"allow":["GET"]}}],"collection":[{"href":"https:\/\/fredfamily.fr\/blog\/michel\/wp-json\/wp\/v2\/pages"}],"about":[{"href":"https:\/\/fredfamily.fr\/blog\/michel\/wp-json\/wp\/v2\/types\/page"}],"author":[{"embeddable":true,"href":"https:\/\/fredfamily.fr\/blog\/michel\/wp-json\/wp\/v2\/users\/1"}],"replies":[{"embeddable":true,"href":"https:\/\/fredfamily.fr\/blog\/michel\/wp-json\/wp\/v2\/comments?post=6"}],"version-history":[{"count":31,"href":"https:\/\/fredfamily.fr\/blog\/michel\/wp-json\/wp\/v2\/pages\/6\/revisions"}],"predecessor-version":[{"id":492,"href":"https:\/\/fredfamily.fr\/blog\/michel\/wp-json\/wp\/v2\/pages\/6\/revisions\/492"}],"wp:attachment":[{"href":"https:\/\/fredfamily.fr\/blog\/michel\/wp-json\/wp\/v2\/media?parent=6"}],"curies":[{"name":"wp","href":"https:\/\/api.w.org\/{rel}","templated":true}]}}