{"id":43,"date":"2020-03-11T15:42:48","date_gmt":"2020-03-11T14:42:48","guid":{"rendered":"http:\/\/fredfamily.fr\/blog\/?page_id=43"},"modified":"2020-04-26T12:37:24","modified_gmt":"2020-04-26T10:37:24","slug":"accueil","status":"publish","type":"page","link":"https:\/\/fredfamily.fr\/blog\/","title":{"rendered":""},"content":{"rendered":"<h3 style=\"text-align: center;\"><span style=\"color: #fab907;\">\u00a0bienvenue sur le site du groupe<\/span><\/h3>\r\n<h3 style=\"text-align: center;\"><img fetchpriority=\"high\" decoding=\"async\" class=\" wp-image-223 aligncenter\" src=\"https:\/\/fredfamily.fr\/blog\/wp-content\/uploads\/2020\/04\/ctoffff1-300x176.jpg\" alt=\"\" width=\"758\" height=\"445\" srcset=\"https:\/\/fredfamily.fr\/blog\/wp-content\/uploads\/2020\/04\/ctoffff1-300x176.jpg 300w, https:\/\/fredfamily.fr\/blog\/wp-content\/uploads\/2020\/04\/ctoffff1.jpg 414w\" sizes=\"(max-width: 758px) 100vw, 758px\" \/><\/h3>\r\n<p style=\"text-align: center;\"><span style=\"color: #fab907;\"><em><strong>UNE VOIX DE FEMME POUR CHANTER DES VIE DE FEMMES<\/strong><\/em><\/span><\/p>\r\n<p><span style=\"color: #fab907;\"><strong>\u00a0\u00a0\u00a0\u00a0 Ils viennent d&rsquo;horizons diff\u00e9rents . Ils ont des exp\u00e9riences diverses, com\u00e9die musicale, th\u00e9atre, groupes rock, pop, rythm n&rsquo;blues, en studio et sur sc\u00e8ne . \u00a0\u00a0 \u00a0 \u00a0 \u00a0 \u00a0 \u00a0 \u00a0\u00a0 Ils ne renient rien, ils ont mis tout cela en commun et ont fond\u00e9 cette \u00ab\u00a0Family\u00a0\u00bb qui veut \u00e0 pr\u00e9sent vivre sur sc\u00e8ne .\u00a0\u00a0\u00a0\u00a0\u00a0\u00a0\u00a0\u00a0\u00a0\u00a0\u00a0\u00a0\u00a0\u00a0\u00a0\u00a0\u00a0\u00a0\u00a0\u00a0\u00a0\u00a0\u00a0\u00a0\u00a0\u00a0\u00a0\u00a0\u00a0\u00a0\u00a0\u00a0\u00a0\u00a0\u00a0\u00a0\u00a0\u00a0\u00a0\u00a0\u00a0\u00a0\u00a0\u00a0\u00a0\u00a0\u00a0\u00a0\u00a0\u00a0\u00a0\u00a0\u00a0\u00a0\u00a0\u00a0\u00a0\u00a0\u00a0\u00a0\u00a0\u00a0\u00a0\u00a0\u00a0\u00a0\u00a0\u00a0 \u00a0\u00a0 \u00a0 \u00a0\u00a0\u00a0\u00a0\u00a0\u00a0\u00a0 <\/strong><strong>Il fallait un nom qui leur ressemble&#8230; C&rsquo;est FRED FAMILY qui s&rsquo;est impos\u00e9 comme naturellement . L&rsquo;anglais comme \u00e7a pour rien, en tout cas sans n\u00e9cessit\u00e9. <\/strong><strong>FRED FAMILY chante en francais.<\/strong><\/span><\/p>\r\n<p><span style=\"color: #fab907;\"><strong>Roots, pluriel . Road, singulier . <\/strong><strong><span style=\"color: #fab907;\">Le pluriel \u00e0 cause des ambiances que ses chansons aux inspi<\/span>rations multiples d\u00e9gagent .\u00a0<\/strong><\/span><span style=\"color: #fab907;\"><strong>Le singulier parce qu&rsquo;il s&rsquo;impose : FRED FAMILY est une famille, son nom ne ment pas . <\/strong><\/span><span style=\"color: #fab907;\"><strong>Riche de ses membres qui ont jou\u00e9 tous type de musiques, pour au bout du compte trouver ensemble une identit\u00e9 et un r\u00e9pertoire qui n&rsquo;appartient qu\u2019\u00e0 elle.\u00a0\u00a0\u00a0 \u00a0\u00a0\u00a0\u00a0\u00a0\u00a0\u00a0\u00a0\u00a0\u00a0\u00a0\u00a0\u00a0\u00a0\u00a0\u00a0\u00a0\u00a0\u00a0\u00a0\u00a0\u00a0\u00a0\u00a0\u00a0\u00a0\u00a0\u00a0\u00a0\u00a0\u00a0\u00a0\u00a0\u00a0\u00a0\u00a0\u00a0\u00a0\u00a0\u00a0\u00a0\u00a0\u00a0\u00a0\u00a0\u00a0\u00a0\u00a0\u00a0\u00a0\u00a0\u00a0\u00a0\u00a0\u00a0\u00a0\u00a0\u00a0\u00a0\u00a0\u00a0\u00a0\u00a0\u00a0\u00a0\u00a0<\/strong><\/span><\/p>\r\n<p><span style=\"color: #fab907;\"><strong>\u00a0 La chanson francaise emprunte des voies fort diverses, FRED FAMILY aussi Et pourtant, il y a bien une unit\u00e9 dans son r\u00e9pertoire.\u00a0\u00a0\u00a0\u00a0\u00a0\u00a0\u00a0\u00a0\u00a0\u00a0\u00a0\u00a0\u00a0\u00a0\u00a0\u00a0\u00a0\u00a0\u00a0\u00a0\u00a0\u00a0\u00a0\u00a0\u00a0\u00a0\u00a0\u00a0\u00a0\u00a0\u00a0\u00a0\u00a0\u00a0\u00a0\u00a0\u00a0\u00a0\u00a0\u00a0\u00a0\u00a0\u00a0\u00a0\u00a0\u00a0\u00a0\u00a0\u00a0\u00a0\u00a0\u00a0\u00a0\u00a0\u00a0\u00a0\u00a0\u00a0 <\/strong><\/span><span style=\"color: #fab907;\"><strong>Il suffit de l&rsquo;\u00e9couter&#8230;<\/strong><\/span><\/p>\r\n<p style=\"text-align: center;\"><img decoding=\"async\" class=\"size-medium wp-image-219 aligncenter\" src=\"https:\/\/fredfamily.fr\/blog\/wp-content\/uploads\/2020\/04\/photo5ff-200x300.gif\" alt=\"\" width=\"200\" height=\"300\" \/><\/p>\r\n<p style=\"text-align: center;\"><img decoding=\"async\" class=\" wp-image-199 aligncenter\" src=\"https:\/\/fredfamily.fr\/blog\/wp-content\/uploads\/2020\/04\/logfredf.gif\" alt=\"\" width=\"175\" height=\"106\" \/><\/p>\r\n","protected":false},"excerpt":{"rendered":"<p>\u00a0bienvenue sur le site du groupe UNE VOIX DE FEMME POUR CHANTER DES VIE DE FEMMES \u00a0\u00a0\u00a0\u00a0 Ils viennent d&rsquo;horizons diff\u00e9rents . Ils ont des exp\u00e9riences diverses, com\u00e9die musicale, th\u00e9atre, groupes rock, pop, rythm n&rsquo;blues, en studio et sur sc\u00e8ne . \u00a0\u00a0 \u00a0 \u00a0 \u00a0 \u00a0 \u00a0 \u00a0\u00a0 Ils ne renient rien, ils ont mis &hellip; <\/p>\n<p class=\"link-more\"><a href=\"https:\/\/fredfamily.fr\/blog\/\" class=\"more-link\">Continue reading<span class=\"screen-reader-text\"> \u00ab\u00a0\u00a0\u00bb<\/span><\/a><\/p>\n","protected":false},"author":1,"featured_media":0,"parent":0,"menu_order":0,"comment_status":"closed","ping_status":"closed","template":"template-full.php","meta":{"footnotes":""},"class_list":["post-43","page","type-page","status-publish","hentry"],"_links":{"self":[{"href":"https:\/\/fredfamily.fr\/blog\/wp-json\/wp\/v2\/pages\/43","targetHints":{"allow":["GET"]}}],"collection":[{"href":"https:\/\/fredfamily.fr\/blog\/wp-json\/wp\/v2\/pages"}],"about":[{"href":"https:\/\/fredfamily.fr\/blog\/wp-json\/wp\/v2\/types\/page"}],"author":[{"embeddable":true,"href":"https:\/\/fredfamily.fr\/blog\/wp-json\/wp\/v2\/users\/1"}],"replies":[{"embeddable":true,"href":"https:\/\/fredfamily.fr\/blog\/wp-json\/wp\/v2\/comments?post=43"}],"version-history":[{"count":90,"href":"https:\/\/fredfamily.fr\/blog\/wp-json\/wp\/v2\/pages\/43\/revisions"}],"predecessor-version":[{"id":284,"href":"https:\/\/fredfamily.fr\/blog\/wp-json\/wp\/v2\/pages\/43\/revisions\/284"}],"wp:attachment":[{"href":"https:\/\/fredfamily.fr\/blog\/wp-json\/wp\/v2\/media?parent=43"}],"curies":[{"name":"wp","href":"https:\/\/api.w.org\/{rel}","templated":true}]}}