{"id":45,"date":"2020-03-11T15:42:48","date_gmt":"2020-03-11T14:42:48","guid":{"rendered":"http:\/\/fredfamily.fr\/blog\/?page_id=45"},"modified":"2020-03-11T15:42:48","modified_gmt":"2020-03-11T14:42:48","slug":"contact","status":"publish","type":"page","link":"https:\/\/fredfamily.fr\/blog\/contact\/","title":{"rendered":"Contact"},"content":{"rendered":"\n<p>C\u2019est une page avec des informations de contact de base, comme l\u2019adresse et le num\u00e9ro de t\u00e9l\u00e9phone. Vous pouvez aussi essayer une extension pour ajouter un formulaire de contact.<\/p>\n","protected":false},"excerpt":{"rendered":"<p>C\u2019est une page avec des informations de contact de base, comme l\u2019adresse et le num\u00e9ro de t\u00e9l\u00e9phone. Vous pouvez aussi essayer une extension pour ajouter un formulaire de contact.<\/p>\n","protected":false},"author":1,"featured_media":40,"parent":0,"menu_order":0,"comment_status":"closed","ping_status":"closed","template":"","meta":{"footnotes":""},"class_list":["post-45","page","type-page","status-publish","has-post-thumbnail","hentry"],"_links":{"self":[{"href":"https:\/\/fredfamily.fr\/blog\/wp-json\/wp\/v2\/pages\/45","targetHints":{"allow":["GET"]}}],"collection":[{"href":"https:\/\/fredfamily.fr\/blog\/wp-json\/wp\/v2\/pages"}],"about":[{"href":"https:\/\/fredfamily.fr\/blog\/wp-json\/wp\/v2\/types\/page"}],"author":[{"embeddable":true,"href":"https:\/\/fredfamily.fr\/blog\/wp-json\/wp\/v2\/users\/1"}],"replies":[{"embeddable":true,"href":"https:\/\/fredfamily.fr\/blog\/wp-json\/wp\/v2\/comments?post=45"}],"version-history":[{"count":1,"href":"https:\/\/fredfamily.fr\/blog\/wp-json\/wp\/v2\/pages\/45\/revisions"}],"predecessor-version":[{"id":51,"href":"https:\/\/fredfamily.fr\/blog\/wp-json\/wp\/v2\/pages\/45\/revisions\/51"}],"wp:featuredmedia":[{"embeddable":true,"href":"https:\/\/fredfamily.fr\/blog\/wp-json\/wp\/v2\/media\/40"}],"wp:attachment":[{"href":"https:\/\/fredfamily.fr\/blog\/wp-json\/wp\/v2\/media?parent=45"}],"curies":[{"name":"wp","href":"https:\/\/api.w.org\/{rel}","templated":true}]}}