{"id":64,"date":"2020-03-11T15:51:52","date_gmt":"2020-03-11T14:51:52","guid":{"rendered":"http:\/\/fredfamily.fr\/blog\/?page_id=64"},"modified":"2020-04-27T14:11:30","modified_gmt":"2020-04-27T12:11:30","slug":"le-groupe","status":"publish","type":"page","link":"https:\/\/fredfamily.fr\/blog\/accueil\/le-groupe\/","title":{"rendered":"le groupe"},"content":{"rendered":"<p style=\"text-align: left;\" align=\"center\"><img decoding=\"async\" class=\"size-full wp-image-83 alignleft\" src=\"https:\/\/fredfamily.fr\/blog\/wp-content\/uploads\/2020\/03\/679-08.jpg\" alt=\"\" width=\"152\" height=\"191\" \/><\/p>\n<p align=\"left\"><span style=\"color: #ffcc33; font-family: Geneva, Arial, Helvetica, san-serif; font-size: medium;\">Fr\u00e9d\u00e9rique MATHIEU <\/span><\/p>\n<p align=\"left\"><span style=\"color: #ffcc33; font-family: Geneva, Arial, Helvetica, san-serif; font-size: large;\"><span style=\"font-size: medium;\">N\u00e9e pour la sc\u00e8ne, une solide formation en danse ( J. Alberca, <\/span><\/span><span style=\"color: #ffcc33; font-family: Geneva, Arial, Helvetica, san-serif; font-size: medium;\">B.Collinet ), en th\u00e9atre (B.Salant ), en chant ( Fugain, N.Basso, G.Ross, Rachel des bois ), et en musique (C.I.M, piano, accord\u00e9on), de nombreux spectacles, com\u00e9die musicales ( D\u00e9clic, Fugue du Bac, It&rsquo;s not a game, West side story ), groupes et orchestres ( Denis Liberty, Soul Food, Royal Majestic, David Riviere ), plusieurs disques (CBS, Harmonia Mundi ), ont peu \u00e0 peu fa\u00e7onn\u00e9 ce petit bout de femme .<br \/>\n<\/span><\/p>\n<p align=\"left\"><span style=\"color: #000000;\">d<\/span><\/p>\n<p align=\"left\"><img decoding=\"async\" class=\"size-full wp-image-255 alignleft\" src=\"https:\/\/fredfamily.fr\/blog\/wp-content\/uploads\/2020\/04\/mic.jpg\" alt=\"\" width=\"140\" height=\"185\" \/><\/p>\n<p align=\"left\"><a href=\"https:\/\/fredfamily.fr\/blog\/michel\/\" target=\"_blank\" rel=\"noopener noreferrer\"><span style=\"color: #ffcc33; font-family: Geneva, Arial, Helvetica, san-serif; font-size: medium;\">Michel BOURZEIX<\/span><\/a><\/p>\n<p align=\"left\"><a href=\"https:\/\/fredfamily.fr\/blog\/michel\/\" target=\"_blank\" rel=\"noopener noreferrer\"><span style=\"color: #ffcc33; font-family: Geneva, Arial, Helvetica, san-serif; font-size: medium;\">Ecolier farfelu, photographe satur\u00e9, footballeur pratiquant, musicien toujours,formation musicale, batterie, vibraphone, xylophone, piano, saxophone, fl\u00fbte . Les nombreux groupes le traitement des sons, le temps, ont en fait un compositeur, <\/span><\/a><span style=\"color: #ffcc33; font-family: Geneva, Arial, Helvetica, san-serif; font-size: medium;\">arrangeur, musicien, preneur de son<br \/>\n<\/span><\/p>\n<p align=\"left\"><span style=\"color: #000000;\">d<\/span><\/p>\n<p align=\"left\"><img decoding=\"async\" class=\"size-full wp-image-256 alignleft\" src=\"https:\/\/fredfamily.fr\/blog\/wp-content\/uploads\/2020\/04\/phil.jpg\" alt=\"\" width=\"177\" height=\"143\" \/><\/p>\n<p align=\"left\"><span style=\"color: #ffcc33; font-family: Geneva, Arial, Helvetica, san-serif; font-size: medium;\">Philippe PARIS Auteur \/ Compositeur<\/span><\/p>\n<p align=\"left\"><span style=\"color: #ffcc33; font-family: Geneva, Arial, Helvetica, san-serif; font-size: medium;\">Fort d&rsquo;\u00eatre n\u00e9 en 1961 ( ann\u00e9e exeptionnelle pour les grand crus ), donc \u00e9picurien imp\u00e9nitent, ses passions comptent-entre autre bonnes choses-la musique, le vin (of course), sa femme et l&rsquo;\u00e9criture . Tr\u00e8s t\u00f4t, il a contract\u00e9 le virus . Ainsi, tout m\u00f4me, il aimait d\u00e9ja affabuler, raconter des histoires. C&rsquo;est d&rsquo;abord sur des cahiers d&rsquo;\u00e9colier qu&rsquo;il a couch\u00e9 na\u00efvement des anecdotes, ses d\u00e9lires d&rsquo;enfant, avant de s&rsquo;attaquer aux ramettes A4, il faut bien faire ses gammes . Depuis, il n&rsquo;a cess\u00e9 de noircir des pages (fiction, th\u00e9atre, chansons). Et quand ce ne sont pas des mots, c&rsquo;est avec des notes que le petit d&rsquo; homme s&rsquo;exprime . Il d\u00e9laisse alors le stylo pour les cordes, retrouver ses amis de Fred Family, ses complices de longue date. A ce jour, ses plus belles cr\u00e9ations sont ses deux enfants .<\/span><\/p>\n<p align=\"left\"><img loading=\"lazy\" decoding=\"async\" class=\"size-full wp-image-259 alignleft\" src=\"https:\/\/fredfamily.fr\/blog\/wp-content\/uploads\/2020\/04\/pascal.jpg\" alt=\"\" width=\"186\" height=\"153\" \/><\/p>\n<p align=\"left\"><span style=\"color: #ffcc33; font-family: Geneva, Arial, Helvetica, san-serif; font-size: medium;\">Pascal EPRON<\/span><\/p>\n<p align=\"left\"><span style=\"color: #ffcc33; font-family: Geneva, Arial, Helvetica, san-serif; font-size: medium;\">N\u00e9 vers la fin du Baby Boom, il se m\u00fbrit les oreilles aux sons de la sc\u00e8ne rock des ann\u00e9es 70, de Deep Purple \u00e0 Magma, en passant par Miles Davis, les grands Big Bands et Stavinsky . Aujourd&rsquo;hui, il laisse sa pelle au fond du jardin pour en prendre une autre, \u00e0 six cordes, ou parfois \u00e0 quatre, pour jouer depuis peu avec ses potes de Fred Family. Des connaissances de longue date, du temps du R&rsquo;n&rsquo; blues, o\u00f9 il s&rsquo;\u00e9poumonnait dans une belle section de cuivres . Car vous allez l&rsquo;apprendre, ce guitarixe (tout), discret, n&rsquo;est en fait, ni plus, ni moins, que le c\u00e9l\u00e8bre trompettiste que personne ne conna\u00eet, mais qu&rsquo;on entend partout, surtout le matin, quelque part dans le val de Marne . En voil\u00e0 une r\u00e9v\u00e9lation ! car ce pascal-l\u00e0 a plus d&rsquo;un tour dans son sac \u00e0 musiques ; mais \u00e7a, c&rsquo;est une autre histoire .<br \/>\n<\/span><\/p>\n<h1 align=\"center\"><img loading=\"lazy\" decoding=\"async\" src=\"http:\/\/fredfamily.net\/html\/images\/hautpacd.gif\" usemap=\"#Map2\" width=\"718\" height=\"346\" align=\"top\" border=\"0\" \/><\/h1>\n<p align=\"center\"><img loading=\"lazy\" decoding=\"async\" src=\"http:\/\/fredfamily.net\/html\/images\/centrecd.gif\" alt=\"photo fredfamily\" usemap=\"#map3\" width=\"708\" height=\"1043\" align=\"top\" border=\"0\" \/><\/p>\n<h3 align=\"center\"><a href=\"https:\/\/fredfamily.fr\/blog\/textes\/\" target=\"_blank\" rel=\"noopener noreferrer\">TEXTES<\/a><\/h3>\n<p style=\"text-align: center;\" align=\"left\">\n","protected":false},"excerpt":{"rendered":"<p>Fr\u00e9d\u00e9rique MATHIEU N\u00e9e pour la sc\u00e8ne, une solide formation en danse ( J. Alberca, B.Collinet ), en th\u00e9atre (B.Salant ), en chant ( Fugain, N.Basso, G.Ross, Rachel des bois ), et en musique (C.I.M, piano, accord\u00e9on), de nombreux spectacles, com\u00e9die musicales ( D\u00e9clic, Fugue du Bac, It&rsquo;s not a game, West side story ), groupes &hellip; <\/p>\n<p class=\"link-more\"><a href=\"https:\/\/fredfamily.fr\/blog\/accueil\/le-groupe\/\" class=\"more-link\">Continue reading<span class=\"screen-reader-text\"> \u00ab\u00a0le groupe\u00a0\u00bb<\/span><\/a><\/p>\n","protected":false},"author":1,"featured_media":0,"parent":43,"menu_order":0,"comment_status":"closed","ping_status":"closed","template":"","meta":{"footnotes":""},"class_list":["post-64","page","type-page","status-publish","hentry"],"_links":{"self":[{"href":"https:\/\/fredfamily.fr\/blog\/wp-json\/wp\/v2\/pages\/64","targetHints":{"allow":["GET"]}}],"collection":[{"href":"https:\/\/fredfamily.fr\/blog\/wp-json\/wp\/v2\/pages"}],"about":[{"href":"https:\/\/fredfamily.fr\/blog\/wp-json\/wp\/v2\/types\/page"}],"author":[{"embeddable":true,"href":"https:\/\/fredfamily.fr\/blog\/wp-json\/wp\/v2\/users\/1"}],"replies":[{"embeddable":true,"href":"https:\/\/fredfamily.fr\/blog\/wp-json\/wp\/v2\/comments?post=64"}],"version-history":[{"count":23,"href":"https:\/\/fredfamily.fr\/blog\/wp-json\/wp\/v2\/pages\/64\/revisions"}],"predecessor-version":[{"id":312,"href":"https:\/\/fredfamily.fr\/blog\/wp-json\/wp\/v2\/pages\/64\/revisions\/312"}],"up":[{"embeddable":true,"href":"https:\/\/fredfamily.fr\/blog\/wp-json\/wp\/v2\/pages\/43"}],"wp:attachment":[{"href":"https:\/\/fredfamily.fr\/blog\/wp-json\/wp\/v2\/media?parent=64"}],"curies":[{"name":"wp","href":"https:\/\/api.w.org\/{rel}","templated":true}]}}